{"id":2352,"date":"2017-12-04T11:12:32","date_gmt":"2017-12-04T11:12:32","guid":{"rendered":"http:\/\/clienti.webdesk.ro\/interactive\/?page_id=2352"},"modified":"2019-10-29T14:21:33","modified_gmt":"2019-10-29T12:21:33","slug":"careers","status":"publish","type":"page","link":"https:\/\/intersystems.ro\/isbc\/careers\/","title":{"rendered":"Careers"},"content":{"rendered":"<p>[vc_row][vc_column width=&#8221;1\/2&#8243;]<h2 class='heading-left  divider-modern' ><span>Careers<\/span><\/h2>[vc_column_text]Thank you for considering employment with Interactive Systems &amp; Business Consulting S.R.L. If you feel that your skills and experience are aligned to the career opportunities posted below, please do not hesitate to contact us.[\/vc_column_text][\/vc_column][vc_column width=&#8221;1\/2&#8243;][vc_empty_space height=&#8221;60px&#8221;][vc_single_image image=&#8221;3849&#8243; img_size=&#8221;full&#8221;][\/vc_column][\/vc_row][vc_row disable_element=&#8221;yes&#8221;][vc_column]<h2 class='heading-left  divider-modern' ><span>Available Positions<\/span><\/h2>[vc_column_text]Currently we don&#8217;t have any open positions but if you are interested in possible future opportunities please send your CV to <a href=\"mailto:office@intersystems.ro\">office@intersystems.ro<\/a>[\/vc_column_text][\/vc_column][\/vc_row][vc_row][vc_column]<h2 class='heading-left  divider-modern' ><span>Available Positions<\/span><\/h2>[vc_column_text]Our company is actively recruiting candidates for available positions listed below. If you are interested, examine the position details and use the associated form to apply. We will respond promptly.[\/vc_column_text][vc_tta_accordion style=&#8221;modern&#8221; shape=&#8221;square&#8221; color=&#8221;white&#8221; active_section=&#8221;&#8221; collapsible_all=&#8221;true&#8221;][vc_tta_section title=&#8221;C\/C++ Embedded Engineer&#8221; tab_id=&#8221;job1&#8243;][vc_column_text]<strong>Ora\u0219 de lucru: Bucure\u0219ti<\/strong><br \/>\n<strong>Nivel carier\u0103: Mid-Level (2-5 ani)<\/strong><br \/>\n<strong>Limbi str\u0103ine: englez\u0103<\/strong><br \/>\n<strong>Permis conducere: B<\/strong><\/p>\n<p><strong>Candidatul ideal<\/strong><\/p>\n<ul>\n<li>Diplom\u0103 de studii superioare \u00een \u0219tiin\u021ba calculatoarelor, informatic\u0103, automatic\u0103 sau similar;<\/li>\n<li>Calit\u0103\u021bi de comunicare foarte bune at\u00e2t \u00een scris c\u00e2t \u0219i oral;<\/li>\n<li>Capabilitate de adaptare \u0219i lucru at\u00e2t independent c\u00e2t \u0219i \u00een cadrul unui colectiv;<\/li>\n<\/ul>\n<p><strong>Descrierea jobului<\/strong><br \/>\nParticiparea, \u00een cadrul unei echipe de proiect, la realizarea de produse hardware \u0219i software, folosind tehnologii \u0219i metodologii de dezvoltare \u00een conformitate cu ultimele standarde la nivel interna\u021bional, din domeniul dezvolt\u0103rii.<\/p>\n<p><strong>Calific\u0103ri si cerin\u021be candidat:<\/strong><\/p>\n<ul>\n<li>C\/C++<\/li>\n<li>uClinux<\/li>\n<li>Makefile<\/li>\n<li>Network Programming<\/li>\n<li>Threat \/ Concurrency in C Programming<\/li>\n<li>Networking<\/li>\n<li>Git<\/li>\n<\/ul>\n<p><strong>Beneficii:<\/strong><\/p>\n<ul>\n<li>Salariu motivant;<\/li>\n<li>Mediu de lucru dinamic;<\/li>\n<li>Asigurarea unei perspective profesionale, motivante;<\/li>\n<\/ul>\n<p>[\/vc_column_text]<div role=\"form\" class=\"wpcf7\" id=\"wpcf7-f4385-o1\" lang=\"en-US\" dir=\"ltr\">\n<div class=\"screen-reader-response\"><p role=\"status\" aria-live=\"polite\" aria-atomic=\"true\"><\/p> <ul><\/ul><\/div>\n<form action=\"\/isbc\/wp-json\/wp\/v2\/pages\/2352#wpcf7-f4385-o1\" method=\"post\" class=\"wpcf7-form init\" enctype=\"multipart\/form-data\" novalidate=\"novalidate\" data-status=\"init\">\n<div style=\"display: none;\">\n<input type=\"hidden\" name=\"_wpcf7\" value=\"4385\" \/>\n<input type=\"hidden\" name=\"_wpcf7_version\" value=\"5.4.2\" \/>\n<input type=\"hidden\" name=\"_wpcf7_locale\" value=\"en_US\" \/>\n<input type=\"hidden\" name=\"_wpcf7_unit_tag\" value=\"wpcf7-f4385-o1\" \/>\n<input type=\"hidden\" name=\"_wpcf7_container_post\" value=\"0\" \/>\n<input type=\"hidden\" name=\"_wpcf7_posted_data_hash\" value=\"\" \/>\n<input type=\"hidden\" name=\"_wpcf7_recaptcha_response\" value=\"\" \/>\n<\/div>\n<div class=\"row\" align=\"left\">\n<fieldset class=\"form-group col-md-4\">\n   <span class=\"wpcf7-form-control-wrap fullname\"><input type=\"text\" name=\"fullname\" value=\"\" size=\"40\" class=\"wpcf7-form-control wpcf7-text wpcf7-validates-as-required\" aria-required=\"true\" aria-invalid=\"false\" placeholder=\"First and Last Name\" \/><\/span><br \/>\n<\/fieldset>\n<fieldset class=\"form-group col-md-4\">\n   <span class=\"wpcf7-form-control-wrap email\"><input type=\"email\" name=\"email\" value=\"\" size=\"40\" class=\"wpcf7-form-control wpcf7-text wpcf7-email wpcf7-validates-as-required wpcf7-validates-as-email\" aria-required=\"true\" aria-invalid=\"false\" placeholder=\"Email\" \/><\/span><br \/>\n<\/fieldset>\n<fieldset class=\"form-group col-md-4\">\n<span class=\"wpcf7-form-control-wrap phonenumber\"><input type=\"tel\" name=\"phonenumber\" value=\"\" size=\"40\" class=\"wpcf7-form-control wpcf7-text wpcf7-tel wpcf7-validates-as-required wpcf7-validates-as-tel\" aria-required=\"true\" aria-invalid=\"false\" placeholder=\"Phone number\" \/><\/span><br \/>\n<\/fieldset>\n<fieldset class=\"form-group col-md-12\">\nAttach your CV: <span class=\"wpcf7-form-control-wrap cv\"><input type=\"file\" name=\"cv\" size=\"40\" class=\"wpcf7-form-control wpcf7-file wpcf7-validates-as-required\" accept=\".jpg,.jpeg,.png,.gif,.pdf,.doc,.docx,.ppt,.pptx,.odt,.avi,.ogg,.m4a,.mov,.mp3,.mp4,.mpg,.wav,.wmv\" aria-required=\"true\" aria-invalid=\"false\" \/><\/span><br \/>\n<\/fieldset>\n<fieldset class=\"form-group col-md-12\">\n<input type=\"submit\" value=\"Apply\" class=\"wpcf7-form-control wpcf7-submit btn btn-normal btn-md\" \/>  By clicking APPLY, you agree to our <a href=\"privacy-policy\">Privacy Policy<\/a> regarding the processing of personal data<br \/>\n<\/fieldset>\n<\/div>\n<div class=\"wpcf7-response-output\" aria-hidden=\"true\"><\/div><\/form><\/div>[\/vc_tta_section][vc_tta_section title=&#8221;Middle-Senior Java Developer&#8221; tab_id=&#8221;job2&#8243;][vc_column_text]<strong>Ora\u0219 de lucru: Bucure\u0219ti<\/strong><br \/>\n<strong>Nivel carier\u0103:\u00a0 Mid-Level (2-5 ani)<\/strong><br \/>\n<strong>Limbi str\u0103ine: englez\u0103<\/strong><br \/>\n<strong>Permis conducere:\u00a0 B<\/strong><\/p>\n<p><strong>Candidatul ideal<\/strong><\/p>\n<ul>\n<li>Diplom\u0103 de studii superioare \u00een \u0219tiin\u021ba calculatoarelor, informatic\u0103, automatic\u0103 sau similar;<\/li>\n<li>Calit\u0103\u021bi de comunicare foarte bune at\u00e2t \u00een scris c\u00e2t \u0219i oral;<\/li>\n<li>Capabilitate de adaptare \u0219i lucru at\u00e2t independent c\u00e2t \u0219i \u00een cadrul unui colectiv;<\/li>\n<\/ul>\n<p><strong>Descrierea jobului<\/strong><br \/>\nParticiparea, \u00een cadrul unei echipe de proiect, la realizarea de produse hardware \u0219i software, folosind tehnologii \u0219i metodologii de dezvoltare \u00een conformitate cu ultimele standarde la nivel interna\u021bional, din domeniul dezvolt\u0103rii.<\/p>\n<p><strong>Calific\u0103ri si cerin\u021be candidat:<\/strong><\/p>\n<ul>\n<li>Java 8<\/li>\n<li>Spring \u2013 Spring Boot<\/li>\n<li>Maven<\/li>\n<li>VoIP<\/li>\n<li>Asterisk \u2013 SIP Protocol<\/li>\n<li>Linux\/Ubuntu<\/li>\n<li>Java Network Programming<\/li>\n<li>Java Concurrency<\/li>\n<li>Network Protocols (UDP, TCP, FTP, SNMP\u2026)<\/li>\n<li>JSON<\/li>\n<li>XML<\/li>\n<li>Git\/GitLab<\/li>\n<\/ul>\n<p><strong>Beneficii:<\/strong><\/p>\n<ul>\n<li>Salariu motivant;<\/li>\n<li>Mediu de lucru dinamic;<\/li>\n<li>Asigurarea unei perspective profesionale, motivante;<\/li>\n<\/ul>\n<p>[\/vc_column_text]<div role=\"form\" class=\"wpcf7\" id=\"wpcf7-f4386-o2\" lang=\"en-US\" dir=\"ltr\">\n<div class=\"screen-reader-response\"><p role=\"status\" aria-live=\"polite\" aria-atomic=\"true\"><\/p> <ul><\/ul><\/div>\n<form action=\"\/isbc\/wp-json\/wp\/v2\/pages\/2352#wpcf7-f4386-o2\" method=\"post\" class=\"wpcf7-form init\" enctype=\"multipart\/form-data\" novalidate=\"novalidate\" data-status=\"init\">\n<div style=\"display: none;\">\n<input type=\"hidden\" name=\"_wpcf7\" value=\"4386\" \/>\n<input type=\"hidden\" name=\"_wpcf7_version\" value=\"5.4.2\" \/>\n<input type=\"hidden\" name=\"_wpcf7_locale\" value=\"en_US\" \/>\n<input type=\"hidden\" name=\"_wpcf7_unit_tag\" value=\"wpcf7-f4386-o2\" \/>\n<input type=\"hidden\" name=\"_wpcf7_container_post\" value=\"0\" \/>\n<input type=\"hidden\" name=\"_wpcf7_posted_data_hash\" value=\"\" \/>\n<input type=\"hidden\" name=\"_wpcf7_recaptcha_response\" value=\"\" \/>\n<\/div>\n<div class=\"row\" align=\"left\">\n<fieldset class=\"form-group col-md-4\">\n   <span class=\"wpcf7-form-control-wrap fullname\"><input type=\"text\" name=\"fullname\" value=\"\" size=\"40\" class=\"wpcf7-form-control wpcf7-text wpcf7-validates-as-required\" aria-required=\"true\" aria-invalid=\"false\" placeholder=\"First and Last Name\" \/><\/span><br \/>\n<\/fieldset>\n<fieldset class=\"form-group col-md-4\">\n   <span class=\"wpcf7-form-control-wrap email\"><input type=\"email\" name=\"email\" value=\"\" size=\"40\" class=\"wpcf7-form-control wpcf7-text wpcf7-email wpcf7-validates-as-required wpcf7-validates-as-email\" aria-required=\"true\" aria-invalid=\"false\" placeholder=\"Email\" \/><\/span><br \/>\n<\/fieldset>\n<fieldset class=\"form-group col-md-4\">\n<span class=\"wpcf7-form-control-wrap phonenumber\"><input type=\"tel\" name=\"phonenumber\" value=\"\" size=\"40\" class=\"wpcf7-form-control wpcf7-text wpcf7-tel wpcf7-validates-as-required wpcf7-validates-as-tel\" aria-required=\"true\" aria-invalid=\"false\" placeholder=\"Phone number\" \/><\/span><br \/>\n<\/fieldset>\n<fieldset class=\"form-group col-md-12\">\nAttach your CV: <span class=\"wpcf7-form-control-wrap cv\"><input type=\"file\" name=\"cv\" size=\"40\" class=\"wpcf7-form-control wpcf7-file wpcf7-validates-as-required\" accept=\".jpg,.jpeg,.png,.gif,.pdf,.doc,.docx,.ppt,.pptx,.odt,.avi,.ogg,.m4a,.mov,.mp3,.mp4,.mpg,.wav,.wmv\" aria-required=\"true\" aria-invalid=\"false\" \/><\/span><br \/>\n<\/fieldset>\n<fieldset class=\"form-group col-md-12\">\n<input type=\"submit\" value=\"Apply\" class=\"wpcf7-form-control wpcf7-submit btn btn-normal btn-md\" \/>  By clicking APPLY, you agree to our <a href=\"privacy-policy\">Privacy Policy<\/a> regarding the processing of personal data<br \/>\n<\/fieldset>\n<\/div>\n<div class=\"wpcf7-response-output\" aria-hidden=\"true\"><\/div><\/form><\/div>[\/vc_tta_section][\/vc_tta_accordion][\/vc_column][\/vc_row]<\/p>\n","protected":false},"excerpt":{"rendered":"<p>[vc_row][vc_column width=&#8221;1\/2&#8243;][vc_column_text]Thank you for considering employment with Interactive Systems &amp; Business Consulting S.R.L. If you feel that your skills and experience are aligned to the career opportunities posted below, please do not hesitate to contact us.[\/vc_column_text][\/vc_column][vc_column width=&#8221;1\/2&#8243;][vc_empty_space height=&#8221;60px&#8221;][vc_single_image image=&#8221;3849&#8243; img_size=&#8221;full&#8221;][\/vc_column][\/vc_row][vc_row &hellip;<\/p>\n","protected":false},"author":1,"featured_media":0,"parent":0,"menu_order":0,"comment_status":"closed","ping_status":"closed","template":"","meta":[],"yoast_head":"<!-- This site is optimized with the Yoast SEO plugin v15.2.1 - https:\/\/yoast.com\/wordpress\/plugins\/seo\/ -->\n<title>Careers - Interactive Systems &amp; Business Consulting<\/title>\n<meta name=\"robots\" content=\"index, follow, max-snippet:-1, max-image-preview:large, max-video-preview:-1\" \/>\n<link rel=\"canonical\" href=\"https:\/\/intersystems.ro\/isbc\/careers\/\" \/>\n<meta property=\"og:locale\" content=\"en_US\" \/>\n<meta property=\"og:type\" content=\"article\" \/>\n<meta property=\"og:title\" content=\"Careers - Interactive Systems &amp; Business Consulting\" \/>\n<meta property=\"og:description\" content=\"[vc_row][vc_column width=&#8221;1\/2&#8243;][vc_column_text]Thank you for considering employment with Interactive Systems &amp; Business Consulting S.R.L. If you feel that your skills and experience are aligned to the career opportunities posted below, please do not hesitate to contact us.[\/vc_column_text][\/vc_column][vc_column width=&#8221;1\/2&#8243;][vc_empty_space height=&#8221;60px&#8221;][vc_single_image image=&#8221;3849&#8243; img_size=&#8221;full&#8221;][\/vc_column][\/vc_row][vc_row &hellip;\" \/>\n<meta property=\"og:url\" content=\"https:\/\/intersystems.ro\/isbc\/careers\/\" \/>\n<meta property=\"og:site_name\" content=\"Interactive Systems &amp; Business Consulting\" \/>\n<meta property=\"article:modified_time\" content=\"2019-10-29T12:21:33+00:00\" \/>\n<meta name=\"twitter:card\" content=\"summary_large_image\" \/>\n<meta name=\"twitter:label1\" content=\"Written by\">\n\t<meta name=\"twitter:data1\" content=\"intersoft\">\n\t<meta name=\"twitter:label2\" content=\"Est. reading time\">\n\t<meta name=\"twitter:data2\" content=\"2 minutes\">\n<script type=\"application\/ld+json\" class=\"yoast-schema-graph\">{\"@context\":\"https:\/\/schema.org\",\"@graph\":[{\"@type\":\"WebSite\",\"@id\":\"https:\/\/intersystems.ro\/isbc\/#website\",\"url\":\"https:\/\/intersystems.ro\/isbc\/\",\"name\":\"Interactive Systems &amp; Business Consulting\",\"description\":\"\",\"potentialAction\":[{\"@type\":\"SearchAction\",\"target\":\"https:\/\/intersystems.ro\/isbc\/?s={search_term_string}\",\"query-input\":\"required name=search_term_string\"}],\"inLanguage\":\"en-US\"},{\"@type\":\"WebPage\",\"@id\":\"https:\/\/intersystems.ro\/isbc\/careers\/#webpage\",\"url\":\"https:\/\/intersystems.ro\/isbc\/careers\/\",\"name\":\"Careers - Interactive Systems &amp; Business Consulting\",\"isPartOf\":{\"@id\":\"https:\/\/intersystems.ro\/isbc\/#website\"},\"datePublished\":\"2017-12-04T11:12:32+00:00\",\"dateModified\":\"2019-10-29T12:21:33+00:00\",\"inLanguage\":\"en-US\",\"potentialAction\":[{\"@type\":\"ReadAction\",\"target\":[\"https:\/\/intersystems.ro\/isbc\/careers\/\"]}]}]}<\/script>\n<!-- \/ Yoast SEO plugin. -->","_links":{"self":[{"href":"https:\/\/intersystems.ro\/isbc\/wp-json\/wp\/v2\/pages\/2352"}],"collection":[{"href":"https:\/\/intersystems.ro\/isbc\/wp-json\/wp\/v2\/pages"}],"about":[{"href":"https:\/\/intersystems.ro\/isbc\/wp-json\/wp\/v2\/types\/page"}],"author":[{"embeddable":true,"href":"https:\/\/intersystems.ro\/isbc\/wp-json\/wp\/v2\/users\/1"}],"replies":[{"embeddable":true,"href":"https:\/\/intersystems.ro\/isbc\/wp-json\/wp\/v2\/comments?post=2352"}],"version-history":[{"count":11,"href":"https:\/\/intersystems.ro\/isbc\/wp-json\/wp\/v2\/pages\/2352\/revisions"}],"predecessor-version":[{"id":4392,"href":"https:\/\/intersystems.ro\/isbc\/wp-json\/wp\/v2\/pages\/2352\/revisions\/4392"}],"wp:attachment":[{"href":"https:\/\/intersystems.ro\/isbc\/wp-json\/wp\/v2\/media?parent=2352"}],"curies":[{"name":"wp","href":"https:\/\/api.w.org\/{rel}","templated":true}]}}